{"id":12433,"date":"2016-08-03T19:49:43","date_gmt":"2016-08-03T17:49:43","guid":{"rendered":"http:\/\/zbi.pl\/de\/kontakt\/"},"modified":"2016-10-18T14:53:18","modified_gmt":"2016-10-18T12:53:18","slug":"kontakt","status":"publish","type":"page","link":"https:\/\/zbi.pl\/de\/kontakt\/","title":{"rendered":"Kontaktdaten"},"content":{"rendered":"<p>[vc_row full_width=&#8221;stretch_row_content&#8221;][vc_column][vc_column_text]<iframe loading=\"lazy\" style=\"border: 0;\" src=\"https:\/\/www.google.com\/maps\/embed?pb=!1m18!1m12!1m3!1d2323.0745555864!2d18.65698331528083!3d54.39099810365054!2m3!1f0!2f0!3f0!3m2!1i1024!2i768!4f13.1!3m3!1m2!1s0x46fd7353c59ba985%3A0x6a32344f67923575!2zxZpuaWXFvG5hIDIsIDgwLTU1NCBHZGHFhHNr!5e0!3m2!1spl!2spl!4v1473255593867\" width=\"100%\" height=\"450\" frameborder=\"0\" allowfullscreen=\"allowfullscreen\"><\/iframe>[\/vc_column_text][\/vc_column][\/vc_row][vc_row full_width=&#8221;stretch_row_content_no_spaces&#8221; css=&#8221;.vc_custom_1473257094411{background-image: url(http:\/\/zbi.pl\/wp-content\/uploads\/2016\/08\/bg-cont.jpg?id=12335) !important;background-position: center !important;background-repeat: no-repeat !important;background-size: cover !important;}&#8221;][vc_column][vc_row_inner][vc_column_inner width=&#8221;1\/3&#8243; css=&#8221;.vc_custom_1473256656321{background-color: rgba(172,161,171,0.75) !important;*background-color: rgb(172,161,171) !important;}&#8221;]<div id=\"ultimate-heading-64806a0476375d8ce\" class=\"uvc-heading ult-adjust-bottom-margin ultimate-heading-64806a0476375d8ce uvc-5980 \" data-hspacer=\"no_spacer\"  data-halign=\"center\" style=\"text-align:center\"><div class=\"uvc-heading-spacer no_spacer\" style=\"top\"><\/div><div class=\"uvc-main-heading ult-responsive\"  data-ultimate-target='.uvc-heading.ultimate-heading-64806a0476375d8ce h2'  data-responsive-json-new='{\"font-size\":\"desktop:24px;\",\"line-height\":\"\"}' ><h2 style=\"font-weight:normal;color:#ffffff;margin-bottom:5px;\">Anschrift<\/h2><\/div><div class=\"uvc-sub-heading ult-responsive\"  data-ultimate-target='.uvc-heading.ultimate-heading-64806a0476375d8ce .uvc-sub-heading '  data-responsive-json-new='{\"font-size\":\"desktop:18px;\",\"line-height\":\"\"}'  style=\"font-weight:normal;color:#ffffff;margin-bottom:25px;\"><span style=\"font-size: 18pt;\">Wo finden Sie uns<\/span><\/div><\/div>[vc_column_text]<\/p>\n<p style=\"text-align: center;\"><span style=\"font-size: 14pt; color: #ffffff;\">ul. \u015anie\u017cna, 80-554 Gda\u0144sk<\/span><\/p>\n<p>[\/vc_column_text][\/vc_column_inner][vc_column_inner width=&#8221;1\/3&#8243; css=&#8221;.vc_custom_1473256682833{background-color: rgba(63,125,205,0.75) !important;*background-color: rgb(63,125,205) !important;}&#8221;]<div id=\"ultimate-heading-51496a0476375d8f8\" class=\"uvc-heading ult-adjust-bottom-margin ultimate-heading-51496a0476375d8f8 uvc-1290 \" data-hspacer=\"no_spacer\"  data-halign=\"center\" style=\"text-align:center\"><div class=\"uvc-heading-spacer no_spacer\" style=\"top\"><\/div><div class=\"uvc-main-heading ult-responsive\"  data-ultimate-target='.uvc-heading.ultimate-heading-51496a0476375d8f8 h2'  data-responsive-json-new='{\"font-size\":\"desktop:24px;\",\"line-height\":\"\"}' ><h2 style=\"font-weight:normal;color:#ffffff;margin-bottom:5px;\">Telefon<\/h2><\/div><div class=\"uvc-sub-heading ult-responsive\"  data-ultimate-target='.uvc-heading.ultimate-heading-51496a0476375d8f8 .uvc-sub-heading '  data-responsive-json-new='{\"font-size\":\"desktop:18px;\",\"line-height\":\"\"}'  style=\"font-weight:normal;color:#ffffff;margin-bottom:25px;\"><span style=\"font-size: 18pt;\">Rufen Sie und an<br \/>\n<\/span><\/div><\/div>[vc_column_text]<\/p>\n<p style=\"text-align: center;\"><span style=\"font-size: 14pt; color: #ffffff;\">+48 58 522 00 90<br \/>\n<\/span><\/p>\n<p>[\/vc_column_text][\/vc_column_inner][vc_column_inner width=&#8221;1\/3&#8243; css=&#8221;.vc_custom_1473256740282{background-color: rgba(92,100,109,0.75) !important;*background-color: rgb(92,100,109) !important;}&#8221;]<div id=\"ultimate-heading-60856a0476375d910\" class=\"uvc-heading ult-adjust-bottom-margin ultimate-heading-60856a0476375d910 uvc-3050 \" data-hspacer=\"no_spacer\"  data-halign=\"center\" style=\"text-align:center\"><div class=\"uvc-heading-spacer no_spacer\" style=\"top\"><\/div><div class=\"uvc-main-heading ult-responsive\"  data-ultimate-target='.uvc-heading.ultimate-heading-60856a0476375d910 h2'  data-responsive-json-new='{\"font-size\":\"desktop:24px;\",\"line-height\":\"\"}' ><h2 style=\"font-weight:normal;color:#ffffff;margin-bottom:5px;\">Email<\/h2><\/div><div class=\"uvc-sub-heading ult-responsive\"  data-ultimate-target='.uvc-heading.ultimate-heading-60856a0476375d910 .uvc-sub-heading '  data-responsive-json-new='{\"font-size\":\"desktop:18px;\",\"line-height\":\"\"}'  style=\"font-weight:normal;color:#ffffff;margin-bottom:25px;\"><span style=\"font-size: 18pt;\">Schreiben Sie uns<br \/>\n<\/span><\/div><\/div>[vc_column_text]<\/p>\n<p style=\"text-align: center;\"><span style=\"font-size: 14pt; color: #ffffff;\">biuro@zbi.pl<\/span><\/p>\n<p>[\/vc_column_text][\/vc_column_inner][\/vc_row_inner][\/vc_column][\/vc_row][vc_row][vc_column][vc_column_text]<\/p>\n<h2 style=\"text-align: center;\">Kontaktformular<\/h2>\n<p>[\/vc_column_text][vc_column_text]<p class=\"wpcf7-contact-form-not-found\"><strong>Error:<\/strong> Contact form not found.<\/p>[\/vc_column_text][\/vc_column][\/vc_row]<\/p>\n","protected":false},"excerpt":{"rendered":"<p>[vc_row full_width=&#8221;stretch_row_content&#8221;][vc_column][vc_column_text][\/vc_column_text][\/vc_column][\/vc_row][vc_row full_width=&#8221;stretch_row_content_no_spaces&#8221; css=&#8221;.vc_custom_1473257094411{background-image: url(http:\/\/zbi.pl\/wp-content\/uploads\/2016\/08\/bg-cont.jpg?id=12335) !important;background-position: center !important;background-repeat: no-repeat !important;background-size: cover !important;}&#8221;][vc_column][vc_row_inner][vc_column_inner width=&#8221;1\/3&#8243; css=&#8221;.vc_custom_1473256656321{background-color: rgba(172,161,171,0.75) !important;*background-color: rgb(172,161,171) !important;}&#8221;][vc_column_text] ul. \u015anie\u017cna, 80-554 Gda\u0144sk [\/vc_column_text][\/vc_column_inner][vc_column_inner width=&#8221;1\/3&#8243; css=&#8221;.vc_custom_1473256682833{background-color: rgba(63,125,205,0.75) !important;*background-color: rgb(63,125,205) !important;}&#8221;][vc_column_text] +48 58 522 00 90 [\/vc_column_text][\/vc_column_inner][vc_column_inner width=&#8221;1\/3&#8243; css=&#8221;.vc_custom_1473256740282{background-color: rgba(92,100,109,0.75) !important;*background-color: rgb(92,100,109) !important;}&#8221;][vc_column_text] biuro@zbi.pl [\/vc_column_text][\/vc_column_inner][\/vc_row_inner][\/vc_column][\/vc_row][vc_row][vc_column][vc_column_text] Kontaktformular [\/vc_column_text][vc_column_text][\/vc_column_text][\/vc_column][\/vc_row]<\/p>\n","protected":false},"author":2,"featured_media":0,"parent":0,"menu_order":0,"comment_status":"closed","ping_status":"closed","template":"","meta":{"_acf_changed":false,"footnotes":""},"class_list":["post-12433","page","type-page","status-publish","hentry"],"acf":[],"_links":{"self":[{"href":"https:\/\/zbi.pl\/de\/wp-json\/wp\/v2\/pages\/12433"}],"collection":[{"href":"https:\/\/zbi.pl\/de\/wp-json\/wp\/v2\/pages"}],"about":[{"href":"https:\/\/zbi.pl\/de\/wp-json\/wp\/v2\/types\/page"}],"author":[{"embeddable":true,"href":"https:\/\/zbi.pl\/de\/wp-json\/wp\/v2\/users\/2"}],"replies":[{"embeddable":true,"href":"https:\/\/zbi.pl\/de\/wp-json\/wp\/v2\/comments?post=12433"}],"version-history":[{"count":3,"href":"https:\/\/zbi.pl\/de\/wp-json\/wp\/v2\/pages\/12433\/revisions"}],"predecessor-version":[{"id":12577,"href":"https:\/\/zbi.pl\/de\/wp-json\/wp\/v2\/pages\/12433\/revisions\/12577"}],"wp:attachment":[{"href":"https:\/\/zbi.pl\/de\/wp-json\/wp\/v2\/media?parent=12433"}],"curies":[{"name":"wp","href":"https:\/\/api.w.org\/{rel}","templated":true}]}}