{"id":12421,"date":"2016-09-07T16:27:16","date_gmt":"2016-09-07T14:27:16","guid":{"rendered":"http:\/\/zbi.pl\/de\/urzadzenia-pomiarowe\/"},"modified":"2016-10-18T14:49:43","modified_gmt":"2016-10-18T12:49:43","slug":"urzadzenia-pomiarowe","status":"publish","type":"page","link":"https:\/\/zbi.pl\/de\/urzadzenia-pomiarowe\/","title":{"rendered":"Messger\u00e4te"},"content":{"rendered":"<p>[vc_row][vc_column width=&#8221;1\/2&#8243;][vc_column_text]<\/p>\n<h2>Mitutoyo LH-600 H\u00f6henmessger\u00e4t<\/h2>\n<p>[\/vc_column_text][vc_single_image image=&#8221;12341&#8243; img_size=&#8221;full&#8221; alignment=&#8221;center&#8221;][vc_column_text]<span style=\"font-size: 12pt; color: #000000;\">Hochwertiges 2D Messsystem<\/span>[\/vc_column_text]<div class=\"uavc-list-icon uavc-list-icon-wrapper ult-adjust-bottom-margin   \"><ul class=\"uavc-list\"><li><div class=\"uavc-list-content\" id=\"list-icon-wrap-2703\">\n<div class=\"uavc-list-icon  \" data-animation=\"\" data-animation-delay=\"03\" style=\"margin-right:5px;\"><div class=\"ult-just-icon-wrapper  \"><div class=\"align-icon\" style=\"text-align:center;\">\n<div class=\"aio-icon none \"  style=\"color:#333333;font-size:15px;display:inline-block;\">\n\t<i class=\"Defaults-circle-thin genderless\"><\/i>\n<\/div><\/div><\/div>\n<\/div><span  data-ultimate-target='#list-icon-wrap-2703 .uavc-list-desc'  data-responsive-json-new='{\"font-size\":\"\",\"line-height\":\"\"}'  class=\"uavc-list-desc ult-responsive\" style=\"\">Messbereich 0-972\u00a0mm<\/span><\/div><\/li><li><div class=\"uavc-list-content\" id=\"list-icon-wrap-5136\">\n<div class=\"uavc-list-icon  \" data-animation=\"\" data-animation-delay=\"03\" style=\"margin-right:5px;\"><div class=\"ult-just-icon-wrapper  \"><div class=\"align-icon\" style=\"text-align:center;\">\n<div class=\"aio-icon none \"  style=\"color:#333333;font-size:15px;display:inline-block;\">\n\t<i class=\"Defaults-circle-thin genderless\"><\/i>\n<\/div><\/div><\/div>\n<\/div><span  data-ultimate-target='#list-icon-wrap-5136 .uavc-list-desc'  data-responsive-json-new='{\"font-size\":\"\",\"line-height\":\"\"}'  class=\"uavc-list-desc ult-responsive\" style=\"\">Messschieberfahrweg 600\u00a0mm<\/span><\/div><\/li><li><div class=\"uavc-list-content\" id=\"list-icon-wrap-6399\">\n<div class=\"uavc-list-icon  \" data-animation=\"\" data-animation-delay=\"03\" style=\"margin-right:5px;\"><div class=\"ult-just-icon-wrapper  \"><div class=\"align-icon\" style=\"text-align:center;\">\n<div class=\"aio-icon none \"  style=\"color:#333333;font-size:15px;display:inline-block;\">\n\t<i class=\"Defaults-circle-thin genderless\"><\/i>\n<\/div><\/div><\/div>\n<\/div><span  data-ultimate-target='#list-icon-wrap-6399 .uavc-list-desc'  data-responsive-json-new='{\"font-size\":\"\",\"line-height\":\"\"}'  class=\"uavc-list-desc ult-responsive\" style=\"\">Genauigkeit (1,1 + 0,6\u00a0L\/600)\u00a0\u03bcm L=L\u00e4nge (mm) Mitutoyo LH-600 H\u00f6henmessger\u00e4t<\/span><\/div><\/li><\/ul><\/div>[\/vc_column][vc_column width=&#8221;1\/2&#8243;][vc_column_text]<\/p>\n<h2>Messarm FaroArm Fusion<\/h2>\n<p>[\/vc_column_text][vc_single_image image=&#8221;12342&#8243; img_size=&#8221;full&#8221; alignment=&#8221;center&#8221;][vc_column_text]<span style=\"font-size: 12pt; color: #000000;\">Hochentwickeltes 3D Messverfahren<\/span>[\/vc_column_text]<div class=\"uavc-list-icon uavc-list-icon-wrapper ult-adjust-bottom-margin   \"><ul class=\"uavc-list\"><li><div class=\"uavc-list-content\" id=\"list-icon-wrap-2861\">\n<div class=\"uavc-list-icon  \" data-animation=\"\" data-animation-delay=\"03\" style=\"margin-right:5px;\"><div class=\"ult-just-icon-wrapper  \"><div class=\"align-icon\" style=\"text-align:center;\">\n<div class=\"aio-icon none \"  style=\"color:#333333;font-size:15px;display:inline-block;\">\n\t<i class=\"Defaults-circle-thin genderless\"><\/i>\n<\/div><\/div><\/div>\n<\/div><span  data-ultimate-target='#list-icon-wrap-2861 .uavc-list-desc'  data-responsive-json-new='{\"font-size\":\"\",\"line-height\":\"\"}'  class=\"uavc-list-desc ult-responsive\" style=\"\">Messbereich 2,4\u00a0m<\/span><\/div><\/li><li><div class=\"uavc-list-content\" id=\"list-icon-wrap-1205\">\n<div class=\"uavc-list-icon  \" data-animation=\"\" data-animation-delay=\"03\" style=\"margin-right:5px;\"><div class=\"ult-just-icon-wrapper  \"><div class=\"align-icon\" style=\"text-align:center;\">\n<div class=\"aio-icon none \"  style=\"color:#333333;font-size:15px;display:inline-block;\">\n\t<i class=\"Defaults-circle-thin genderless\"><\/i>\n<\/div><\/div><\/div>\n<\/div><span  data-ultimate-target='#list-icon-wrap-1205 .uavc-list-desc'  data-responsive-json-new='{\"font-size\":\"\",\"line-height\":\"\"}'  class=\"uavc-list-desc ult-responsive\" style=\"\">Messabweichung 0,043\u00a0mm<\/span><\/div><\/li><li><div class=\"uavc-list-content\" id=\"list-icon-wrap-2958\">\n<div class=\"uavc-list-icon  \" data-animation=\"\" data-animation-delay=\"03\" style=\"margin-right:5px;\"><div class=\"ult-just-icon-wrapper  \"><div class=\"align-icon\" style=\"text-align:center;\">\n<div class=\"aio-icon none \"  style=\"color:#333333;font-size:15px;display:inline-block;\">\n\t<i class=\"Defaults-circle-thin genderless\"><\/i>\n<\/div><\/div><\/div>\n<\/div><span  data-ultimate-target='#list-icon-wrap-2958 .uavc-list-desc'  data-responsive-json-new='{\"font-size\":\"\",\"line-height\":\"\"}'  class=\"uavc-list-desc ult-responsive\" style=\"\">Genauigkeit \u00b10,061\u00a0mm bei FaroArm Fusion Messung<\/span><\/div><\/li><\/ul><\/div>[\/vc_column][\/vc_row]<\/p>\n","protected":false},"excerpt":{"rendered":"<p>[vc_row][vc_column width=&#8221;1\/2&#8243;][vc_column_text] Mitutoyo LH-600 H\u00f6henmessger\u00e4t [\/vc_column_text][vc_single_image image=&#8221;12341&#8243; img_size=&#8221;full&#8221; alignment=&#8221;center&#8221;][vc_column_text]Hochwertiges 2D Messsystem[\/vc_column_text][\/vc_column][vc_column width=&#8221;1\/2&#8243;][vc_column_text] Messarm FaroArm Fusion [\/vc_column_text][vc_single_image image=&#8221;12342&#8243; img_size=&#8221;full&#8221; alignment=&#8221;center&#8221;][vc_column_text]Hochentwickeltes 3D Messverfahren[\/vc_column_text][\/vc_column][\/vc_row]<\/p>\n","protected":false},"author":2,"featured_media":0,"parent":0,"menu_order":0,"comment_status":"closed","ping_status":"closed","template":"","meta":{"_acf_changed":false,"footnotes":""},"class_list":["post-12421","page","type-page","status-publish","hentry"],"acf":[],"_links":{"self":[{"href":"https:\/\/zbi.pl\/de\/wp-json\/wp\/v2\/pages\/12421"}],"collection":[{"href":"https:\/\/zbi.pl\/de\/wp-json\/wp\/v2\/pages"}],"about":[{"href":"https:\/\/zbi.pl\/de\/wp-json\/wp\/v2\/types\/page"}],"author":[{"embeddable":true,"href":"https:\/\/zbi.pl\/de\/wp-json\/wp\/v2\/users\/2"}],"replies":[{"embeddable":true,"href":"https:\/\/zbi.pl\/de\/wp-json\/wp\/v2\/comments?post=12421"}],"version-history":[{"count":3,"href":"https:\/\/zbi.pl\/de\/wp-json\/wp\/v2\/pages\/12421\/revisions"}],"predecessor-version":[{"id":12575,"href":"https:\/\/zbi.pl\/de\/wp-json\/wp\/v2\/pages\/12421\/revisions\/12575"}],"wp:attachment":[{"href":"https:\/\/zbi.pl\/de\/wp-json\/wp\/v2\/media?parent=12421"}],"curies":[{"name":"wp","href":"https:\/\/api.w.org\/{rel}","templated":true}]}}