{"id":12385,"date":"2016-08-03T18:29:06","date_gmt":"2016-08-03T16:29:06","guid":{"rendered":"http:\/\/zbi.pl\/de\/o-nas\/"},"modified":"2016-11-14T12:55:16","modified_gmt":"2016-11-14T11:55:16","slug":"o-nas","status":"publish","type":"page","link":"https:\/\/zbi.pl\/de\/o-nas\/","title":{"rendered":"Stahlkonstruktionen"},"content":{"rendered":"<p>[vc_row][vc_column][vc_column_text]<\/p>\n<p style=\"text-align: justify;\"><span style=\"color: #000000; font-size: 12pt;\">Die ZBI entstand im Jahre 1992 als ein Dienstleistungsunternehmen, das D\u00e4mmarbeiten an Beh\u00e4ltern, Kesselr\u00e4umen und Installationen in der Industrie ausf\u00fchrte.<\/span><\/p>\n<p style=\"text-align: justify;\"><span style=\"color: #000000; font-size: 12pt;\">Derzeit fertigen wir schwerpunktm\u00e4\u00dfig Stahlkonstruktionen, Bauteile, Geh\u00e4use und andere Stahlelemente f\u00fcr Kunden aus der Energiewirtschaft und f\u00fcr europaweit t\u00e4tige Unternehmen, die im Umweltschutz aktiv sind.<\/span><\/p>\n<p style=\"text-align: justify;\"><span style=\"color: #000000; font-size: 12pt;\">Moderne CNC-gesteuerte Maschinen zum Trennen und Bearbeiten von Stahl, hochqualifizierte Mitarbeiter und bew\u00e4hrte Verfahrensstandards, die durch ISO Zertifizierung des Qualit\u00e4tsmanagements nachgewiesen sind, lassen auch sehr ungewohnte Projekte meistern.<\/span><\/p>\n<p style=\"text-align: justify;\"><span style=\"color: #000000; font-size: 12pt;\">\u00a0<\/span><\/p>\n<p>[\/vc_column_text][\/vc_column][\/vc_row][vc_row full_width=&#8221;stretch_row&#8221; content_placement=&#8221;middle&#8221; css=&#8221;.vc_custom_1473243455383{background-image: url(http:\/\/zbi.pl\/wp-content\/uploads\/2016\/08\/bkgd_lines.jpg?id=12288) !important;background-position: 0 0 !important;background-repeat: repeat !important;}&#8221;][vc_column][vc_column_text]<\/p>\n<h2 style=\"text-align: center;\">IHR VERTRAUEN ZU UNS LOHNT SICH<\/h2>\n<p>[\/vc_column_text][vc_separator color=&#8221;white&#8221; border_width=&#8221;2&#8243; el_width=&#8221;80&#8243;][vc_row_inner][vc_column_inner width=&#8221;1\/4&#8243;]<div class=\"aio-icon-component    style_1\"><div id=\"Info-box-wrap-8733\" class=\"aio-icon-box square_box-icon\" style=\"border-color:#ffffff;border-style:solid;background-color:#ffffff;\" data-min-height='250px' ><div class=\"aio-icon-square_box\"><div class=\"ult-just-icon-wrapper  \"><div class=\"align-icon\" style=\"text-align:center;\">\n<div class=\"aio-icon circle \"  style=\"color:#020000;background:#f2f2f2;font-size:30px;display:inline-block;\">\n\t<i class=\"Defaults-trophy\"><\/i>\n<\/div><\/div><\/div><\/div><div class=\"aio-icon-header\" ><h3 class=\"aio-icon-title ult-responsive\"  data-ultimate-target='#Info-box-wrap-8733 .aio-icon-title'  data-responsive-json-new='{\"font-size\":\"desktop:24px;\",\"line-height\":\"\"}'  style=\"\">ERFAHRUNG<\/h3><\/div> <!-- header --><div class=\"aio-icon-description ult-responsive\"  data-ultimate-target='#Info-box-wrap-8733 .aio-icon-description'  data-responsive-json-new='{\"font-size\":\"\",\"line-height\":\"\"}'  style=\"\"><\/p>\n<p style=\"text-align: center;\">Wir sind auf dem Markt seit 1992 t\u00e4tig, dadurch haben wir eine reiche Erfahrung gesammelt<\/p>\n<p><\/div> <!-- description --><\/div> <!-- aio-icon-box --><\/div> <!-- aio-icon-component -->[\/vc_column_inner][vc_column_inner width=&#8221;1\/4&#8243;]<div class=\"aio-icon-component    style_1\"><div id=\"Info-box-wrap-7920\" class=\"aio-icon-box square_box-icon\" style=\"border-color:#ffffff;border-style:solid;background-color:#ffffff;\" data-min-height='250px' ><div class=\"aio-icon-square_box\"><div class=\"ult-just-icon-wrapper  \"><div class=\"align-icon\" style=\"text-align:center;\">\n<div class=\"aio-icon circle \"  style=\"color:#020000;background:#f2f2f2;font-size:30px;display:inline-block;\">\n\t<i class=\"Defaults-cog gear\"><\/i>\n<\/div><\/div><\/div><\/div><div class=\"aio-icon-header\" ><h3 class=\"aio-icon-title ult-responsive\"  data-ultimate-target='#Info-box-wrap-7920 .aio-icon-title'  data-responsive-json-new='{\"font-size\":\"desktop:24px;\",\"line-height\":\"\"}'  style=\"\">MODERNIT\u00c4T<\/h3><\/div> <!-- header --><div class=\"aio-icon-description ult-responsive\"  data-ultimate-target='#Info-box-wrap-7920 .aio-icon-description'  data-responsive-json-new='{\"font-size\":\"\",\"line-height\":\"\"}'  style=\"\"><\/p>\n<p style=\"text-align: center;\">W sIm Fertigungsverfahren werden modernste Ger\u00e4te eingesetzt<\/p>\n<p><\/div> <!-- description --><\/div> <!-- aio-icon-box --><\/div> <!-- aio-icon-component -->[\/vc_column_inner][vc_column_inner width=&#8221;1\/4&#8243;]<div class=\"aio-icon-component    style_1\"><div id=\"Info-box-wrap-2600\" class=\"aio-icon-box square_box-icon\" style=\"border-color:#ffffff;border-style:solid;background-color:#ffffff;\" data-min-height='250px' ><div class=\"aio-icon-square_box\"><div class=\"ult-just-icon-wrapper  \"><div class=\"align-icon\" style=\"text-align:center;\">\n<div class=\"aio-icon circle \"  style=\"color:#020000;background:#f2f2f2;font-size:30px;display:inline-block;\">\n\t<i class=\"Defaults-copy files-o\"><\/i>\n<\/div><\/div><\/div><\/div><div class=\"aio-icon-header\" ><h3 class=\"aio-icon-title ult-responsive\"  data-ultimate-target='#Info-box-wrap-2600 .aio-icon-title'  data-responsive-json-new='{\"font-size\":\"desktop:24px;\",\"line-height\":\"\"}'  style=\"\">ISO-STANDARDS<\/h3><\/div> <!-- header --><div class=\"aio-icon-description ult-responsive\"  data-ultimate-target='#Info-box-wrap-2600 .aio-icon-description'  data-responsive-json-new='{\"font-size\":\"\",\"line-height\":\"\"}'  style=\"\"><\/p>\n<p style=\"text-align: center;\">Durch mehrj\u00e4hrige T\u00e4tigkeit wurden hohe Standards entwickelt, die durch ISO Zertifizierung nachgewiesen sind.<\/p>\n<p><\/div> <!-- description --><\/div> <!-- aio-icon-box --><\/div> <!-- aio-icon-component -->[\/vc_column_inner][vc_column_inner width=&#8221;1\/4&#8243;]<div class=\"aio-icon-component    style_1\"><div id=\"Info-box-wrap-6533\" class=\"aio-icon-box square_box-icon\" style=\"border-color:#ffffff;border-style:solid;background-color:#ffffff;\" data-min-height='250px' ><div class=\"aio-icon-square_box\"><div class=\"ult-just-icon-wrapper  \"><div class=\"align-icon\" style=\"text-align:center;\">\n<div class=\"aio-icon circle \"  style=\"color:#020000;background:#f2f2f2;font-size:30px;display:inline-block;\">\n\t<i class=\"Defaults-user\"><\/i>\n<\/div><\/div><\/div><\/div><div class=\"aio-icon-header\" ><h3 class=\"aio-icon-title ult-responsive\"  data-ultimate-target='#Info-box-wrap-6533 .aio-icon-title'  data-responsive-json-new='{\"font-size\":\"desktop:24px;\",\"line-height\":\"\"}'  style=\"\">PROFESSIONALIT\u00c4T<\/h3><\/div> <!-- header --><div class=\"aio-icon-description ult-responsive\"  data-ultimate-target='#Info-box-wrap-6533 .aio-icon-description'  data-responsive-json-new='{\"font-size\":\"\",\"line-height\":\"\"}'  style=\"\"><\/p>\n<p style=\"text-align: center;\">Unsere Belegschaft besteht aus hochqualifizierten Mitarbeitern mit gro\u00dfer Erfahrung<\/p>\n<p><\/div> <!-- description --><\/div> <!-- aio-icon-box --><\/div> <!-- aio-icon-component -->[\/vc_column_inner][\/vc_row_inner][\/vc_column][\/vc_row]<\/p>\n","protected":false},"excerpt":{"rendered":"<p>[vc_row][vc_column][vc_column_text] Die ZBI entstand im Jahre 1992 als ein Dienstleistungsunternehmen, das D\u00e4mmarbeiten an Beh\u00e4ltern, Kesselr\u00e4umen und Installationen in der Industrie ausf\u00fchrte. Derzeit fertigen wir schwerpunktm\u00e4\u00dfig Stahlkonstruktionen, Bauteile, Geh\u00e4use und andere Stahlelemente f\u00fcr Kunden aus der Energiewirtschaft und f\u00fcr europaweit t\u00e4tige Unternehmen, die im Umweltschutz aktiv sind. Moderne CNC-gesteuerte Maschinen zum Trennen und Bearbeiten von Stahl, &hellip;<\/p>\n","protected":false},"author":2,"featured_media":0,"parent":0,"menu_order":0,"comment_status":"closed","ping_status":"closed","template":"","meta":{"_acf_changed":false,"footnotes":""},"class_list":["post-12385","page","type-page","status-publish","hentry"],"acf":[],"_links":{"self":[{"href":"https:\/\/zbi.pl\/de\/wp-json\/wp\/v2\/pages\/12385"}],"collection":[{"href":"https:\/\/zbi.pl\/de\/wp-json\/wp\/v2\/pages"}],"about":[{"href":"https:\/\/zbi.pl\/de\/wp-json\/wp\/v2\/types\/page"}],"author":[{"embeddable":true,"href":"https:\/\/zbi.pl\/de\/wp-json\/wp\/v2\/users\/2"}],"replies":[{"embeddable":true,"href":"https:\/\/zbi.pl\/de\/wp-json\/wp\/v2\/comments?post=12385"}],"version-history":[{"count":6,"href":"https:\/\/zbi.pl\/de\/wp-json\/wp\/v2\/pages\/12385\/revisions"}],"predecessor-version":[{"id":12605,"href":"https:\/\/zbi.pl\/de\/wp-json\/wp\/v2\/pages\/12385\/revisions\/12605"}],"wp:attachment":[{"href":"https:\/\/zbi.pl\/de\/wp-json\/wp\/v2\/media?parent=12385"}],"curies":[{"name":"wp","href":"https:\/\/api.w.org\/{rel}","templated":true}]}}