{"id":12383,"date":"2015-04-14T10:13:09","date_gmt":"2015-04-14T10:13:09","guid":{"rendered":"http:\/\/zbi.pl\/de\/home\/"},"modified":"2016-10-14T19:31:35","modified_gmt":"2016-10-14T17:31:35","slug":"home","status":"publish","type":"page","link":"https:\/\/zbi.pl\/de\/","title":{"rendered":"Home"},"content":{"rendered":"<div id=\"pl-12383\"><div class=\"panel-grid\" id=\"pg-12383-0\" ><div class=\"panel-row-style-jumbotron-overlap jumbotron-overlap panel-row-style\" ><div class=\"panel-grid-cell panel-grid-cell-empty\" id=\"pgc-12383-0-0\" ><\/div><div class=\"panel-grid-cell panel-grid-cell-empty\" id=\"pgc-12383-0-1\" ><\/div><div class=\"panel-grid-cell panel-grid-cell-empty panel-grid-cell-mobile-last\" id=\"pgc-12383-0-2\" ><\/div><div class=\"panel-grid-cell panel-grid-cell-empty\" id=\"pgc-12383-0-3\" ><\/div><\/div><\/div><div class=\"panel-grid\" id=\"pg-12383-1\" ><div class=\"panel-grid-cell\" id=\"pgc-12383-1-0\" ><div class=\"so-panel widget widget_black-studio-tinymce widget_black_studio_tinymce panel-first-child panel-last-child\" id=\"panel-12383-1-0-0\" data-index=\"0\"><div class=\"widget-title--big panel-widget-style\" ><h3 class=\"widget-title\"><span class=\"widget-title__inline\">DIENSTLEISTUNGEN<\/span><\/h3><div class=\"textwidget\"><\/div><\/div><\/div><\/div><\/div><div class=\"panel-grid\" id=\"pg-12383-2\" ><div class=\"panel-grid-cell\" id=\"pgc-12383-2-0\" ><div class=\"so-panel widget widget_pw_icon_box widget-icon-box panel-first-child panel-last-child\" id=\"panel-12383-2-0-0\" data-index=\"1\">\n\n\t\t<a class=\"icon-box\" href=\"http:\/\/zbi.pl\/de\/ciecie\/\" target=\"_self\">\n\n\t\t<i class=\"fa  fa-chevron-right\"><\/i>\n\t\t<h4 class=\"icon-box__title\">TRENNEN<\/h4>\n\t\t<span class=\"icon-box__subtitle\">Eine breite Palette von Maschinen zum Trennen von Aluminium, nichtrostendem und schwarzem Stahl<\/span>\n\n\t\t<\/a>\n\n<\/div><\/div><div class=\"panel-grid-cell\" id=\"pgc-12383-2-1\" ><div class=\"so-panel widget widget_pw_icon_box widget-icon-box panel-first-child panel-last-child\" id=\"panel-12383-2-1-0\" data-index=\"2\">\n\n\t\t<a class=\"icon-box\" href=\"http:\/\/zbi.pl\/de\/obrobka-stali\/\" target=\"_self\">\n\n\t\t<i class=\"fa  fa-chevron-right\"><\/i>\n\t\t<h4 class=\"icon-box__title\">BEARBEITEN VON STAHL<\/h4>\n\t\t<span class=\"icon-box__subtitle\">Angeboten werden Biegen, Drehen und Fr\u00e4sen von nichtrostendem, schwarzem Stahl und Aluminium<\/span>\n\n\t\t<\/a>\n\n<\/div><\/div><div class=\"panel-grid-cell\" id=\"pgc-12383-2-2\" ><div class=\"so-panel widget widget_pw_icon_box widget-icon-box panel-first-child panel-last-child\" id=\"panel-12383-2-2-0\" data-index=\"3\">\n\n\t\t<a class=\"icon-box\" href=\"http:\/\/zbi.pl\/de\/obrobka-stali\/\" target=\"_self\">\n\n\t\t<i class=\"fa  fa-chevron-right\"><\/i>\n\t\t<h4 class=\"icon-box__title\">SCHWEI\u00dfEN<\/h4>\n\t\t<span class=\"icon-box__subtitle\">Schwei\u00dfen von nichtrostendem, schwarzem Stahl und Aluminium mit mehreren Verfahren<\/span>\n\n\t\t<\/a>\n\n<\/div><\/div><\/div><div class=\"panel-grid\" id=\"pg-12383-3\" ><div class=\"panel-grid-cell\" id=\"pgc-12383-3-0\" ><div class=\"so-panel widget widget_black-studio-tinymce widget_black_studio_tinymce panel-first-child panel-last-child\" id=\"panel-12383-3-0-0\" data-index=\"4\"><div class=\"widget-title--big panel-widget-style\" ><h3 class=\"widget-title\"><span class=\"widget-title__inline\">\u00dcBER UNS<\/span><\/h3><div class=\"textwidget\"><p style=\"text-align: justify;\">Die ZBI entstand im Jahre 1992 als ein Dienstleistungsunternehmen, das D\u00e4mmarbeiten an Beh\u00e4ltern, Kesselr\u00e4umen und Installationen in der Industrie ausf\u00fchrte.<\/p>\n<p style=\"text-align: justify;\">Derzeit fertigen wir schwerpunktm\u00e4\u00dfig Stahlkonstruktionen, Bauteile, Geh\u00e4use und andere Stahlelemente f\u00fcr Kunden aus der Energiewirtschaft und f\u00fcr europaweit t\u00e4tige Unternehmen, die im Umweltschutz aktiv sind.<\/p>\n<p style=\"text-align: justify;\">Moderne CNC-gesteuerte Maschinen zum Trennen und Bearbeiten von Stahl, hochqualifizierte Mitarbeiter und bew\u00e4hrte Verfahrensstandards, die durch ISO Zertifizierung des Qualit\u00e4tsmanagements nachgewiesen sind, lassen auch sehr ungewohnte Projekte meistern.<\/p>\n<p style=\"text-align: justify;\"><a class=\"read-more\" href=\"http:\/\/zbi.pl\/o-nas\/\">MEHR<\/a><\/p><\/div><\/div><\/div><\/div><div class=\"panel-grid-cell\" id=\"pgc-12383-3-1\" ><div class=\"so-panel widget widget_black-studio-tinymce widget_black_studio_tinymce panel-first-child panel-last-child\" id=\"panel-12383-3-1-0\" data-index=\"5\"><div class=\"featured-widget panel-widget-style\" ><h3 class=\"widget-title\"><span class=\"widget-title__inline\">KONTAKT<\/span><\/h3><div class=\"textwidget\"><br>\n<p class=\"wpcf7-contact-form-not-found\"><strong>Error:<\/strong> Contact form not found.<\/p><\/div><\/div><\/div><\/div><\/div><div class=\"panel-grid\" id=\"pg-12383-4\" ><div class=\"siteorigin-panels-stretch panel-row-style\" data-stretch-type=\"full-stretched\" ><div class=\"panel-grid-cell\" id=\"pgc-12383-4-0\" ><div class=\"so-panel widget widget_pw_google_map panel-first-child panel-last-child\" id=\"panel-12383-4-0-0\" data-index=\"6\">\n\n\t<div\n\t\tclass=\"simple-map  js-where-we-are\"\n\t\tdata-latlng=\"54.390995,18.659172\"\n\t\tdata-markers=\"[{&quot;id&quot;:&quot;1&quot;,&quot;title&quot;:&quot;\\u015anie\\u017cna 2, 80-554 Gda\\u0144sk&quot;,&quot;locationlatlng&quot;:&quot;54.390995,18.659172&quot;,&quot;custompinimage&quot;:&quot;http:\\\/\\\/xml-io.proteusthemes.com\\\/cargopress\\\/wp-content\\\/uploads\\\/sites\\\/24\\\/2015\\\/05\\\/pin.png&quot;}]\"\n\t\tdata-zoom=\"7\"\n\t\tdata-type=\"roadmap\"\n\t\tdata-style=\"[{&quot;featureType&quot;:&quot;administrative&quot;,&quot;elementType&quot;:&quot;labels.text.fill&quot;,&quot;stylers&quot;:[{&quot;color&quot;:&quot;#444444&quot;}]},{&quot;featureType&quot;:&quot;landscape&quot;,&quot;elementType&quot;:&quot;all&quot;,&quot;stylers&quot;:[{&quot;color&quot;:&quot;#f2f2f2&quot;}]},{&quot;featureType&quot;:&quot;landscape.man_made&quot;,&quot;elementType&quot;:&quot;geometry.fill&quot;,&quot;stylers&quot;:[{&quot;color&quot;:&quot;#eeeeee&quot;}]},{&quot;featureType&quot;:&quot;landscape.natural.landcover&quot;,&quot;elementType&quot;:&quot;geometry.fill&quot;,&quot;stylers&quot;:[{&quot;color&quot;:&quot;#dddddd&quot;}]},{&quot;featureType&quot;:&quot;landscape.natural.terrain&quot;,&quot;elementType&quot;:&quot;geometry.fill&quot;,&quot;stylers&quot;:[{&quot;color&quot;:&quot;#dddddd&quot;}]},{&quot;featureType&quot;:&quot;poi&quot;,&quot;elementType&quot;:&quot;all&quot;,&quot;stylers&quot;:[{&quot;visibility&quot;:&quot;off&quot;}]},{&quot;featureType&quot;:&quot;road&quot;,&quot;elementType&quot;:&quot;all&quot;,&quot;stylers&quot;:[{&quot;saturation&quot;:-100},{&quot;lightness&quot;:45}]},{&quot;featureType&quot;:&quot;road.highway&quot;,&quot;elementType&quot;:&quot;all&quot;,&quot;stylers&quot;:[{&quot;visibility&quot;:&quot;simplified&quot;}]},{&quot;featureType&quot;:&quot;road.arterial&quot;,&quot;elementType&quot;:&quot;labels.icon&quot;,&quot;stylers&quot;:[{&quot;visibility&quot;:&quot;off&quot;}]},{&quot;featureType&quot;:&quot;transit&quot;,&quot;elementType&quot;:&quot;all&quot;,&quot;stylers&quot;:[{&quot;visibility&quot;:&quot;off&quot;}]},{&quot;featureType&quot;:&quot;water&quot;,&quot;elementType&quot;:&quot;all&quot;,&quot;stylers&quot;:[{&quot;color&quot;:&quot;#46bcec&quot;},{&quot;visibility&quot;:&quot;on&quot;}]},{&quot;featureType&quot;:&quot;water&quot;,&quot;elementType&quot;:&quot;geometry.fill&quot;,&quot;stylers&quot;:[{&quot;color&quot;:&quot;#1f425d&quot;}]},{&quot;featureType&quot;:&quot;water&quot;,&quot;elementType&quot;:&quot;labels.text.fill&quot;,&quot;stylers&quot;:[{&quot;color&quot;:&quot;#979797&quot;}]},{&quot;featureType&quot;:&quot;water&quot;,&quot;elementType&quot;:&quot;labels.text.stroke&quot;,&quot;stylers&quot;:[{&quot;weight&quot;:&quot;0.01&quot;}]}]\"\n\t\tstyle=\"height: 380px;\"\n\t><\/div>\n\n<\/div><\/div><\/div><\/div><\/div>","protected":false},"excerpt":{"rendered":"<p>DIENSTLEISTUNGEN TRENNEN Eine breite Palette von Maschinen zum Trennen von Aluminium, nichtrostendem und schwarzem Stahl BEARBEITEN VON STAHL Angeboten werden Biegen, Drehen und Fr\u00e4sen von nichtrostendem, schwarzem Stahl und Aluminium SCHWEI\u00dfEN Schwei\u00dfen von nichtrostendem, schwarzem Stahl und Aluminium mit mehreren Verfahren \u00dcBER UNSDie ZBI entstand im Jahre 1992 als ein Dienstleistungsunternehmen, das D\u00e4mmarbeiten an Beh\u00e4ltern, &hellip;<\/p>\n","protected":false},"author":1,"featured_media":0,"parent":0,"menu_order":0,"comment_status":"closed","ping_status":"closed","template":"template-front-page-slider-alt.php","meta":{"_acf_changed":false,"footnotes":""},"class_list":["post-12383","page","type-page","status-publish","hentry"],"acf":[],"_links":{"self":[{"href":"https:\/\/zbi.pl\/de\/wp-json\/wp\/v2\/pages\/12383"}],"collection":[{"href":"https:\/\/zbi.pl\/de\/wp-json\/wp\/v2\/pages"}],"about":[{"href":"https:\/\/zbi.pl\/de\/wp-json\/wp\/v2\/types\/page"}],"author":[{"embeddable":true,"href":"https:\/\/zbi.pl\/de\/wp-json\/wp\/v2\/users\/1"}],"replies":[{"embeddable":true,"href":"https:\/\/zbi.pl\/de\/wp-json\/wp\/v2\/comments?post=12383"}],"version-history":[{"count":3,"href":"https:\/\/zbi.pl\/de\/wp-json\/wp\/v2\/pages\/12383\/revisions"}],"predecessor-version":[{"id":12567,"href":"https:\/\/zbi.pl\/de\/wp-json\/wp\/v2\/pages\/12383\/revisions\/12567"}],"wp:attachment":[{"href":"https:\/\/zbi.pl\/de\/wp-json\/wp\/v2\/media?parent=12383"}],"curies":[{"name":"wp","href":"https:\/\/api.w.org\/{rel}","templated":true}]}}